{"id":4117,"date":"2025-12-06T22:00:40","date_gmt":"2025-12-06T21:00:40","guid":{"rendered":"https:\/\/www.domainedebiamont.be\/cartes-cadeaux\/"},"modified":"2025-12-06T22:55:22","modified_gmt":"2025-12-06T21:55:22","slug":"cartes-cadeaux","status":"publish","type":"page","link":"https:\/\/www.domainedebiamont.be\/fr\/cartes-cadeaux\/","title":{"rendered":"Cartes Cadeaux"},"content":{"rendered":"\t\t<div data-elementor-type=\"wp-page\" data-elementor-id=\"4117\" class=\"elementor elementor-4117 elementor-4093\" data-elementor-post-type=\"page\">\n\t\t\t\t\t\t<section class=\"elementor-section elementor-top-section elementor-element elementor-element-a2554e7 elementor-section-height-min-height cs-section-content-fullwidth cs-parallax-on-scroll cs_scroll_y_80 elementor-section-boxed elementor-section-height-default elementor-section-items-middle\" data-id=\"a2554e7\" data-element_type=\"section\" data-e-type=\"section\" data-settings=\"{&quot;background_background&quot;:&quot;classic&quot;}\" data-cs-parallax-y=\"80\" style=\"background-image: none;\" data-cs-background-image=\"https:\/\/www.domainedebiamont.be\/wp-content\/uploads\/2024\/12\/cropped-DJI_20240802162911_0957_D-2-Groot.jpg\" data-cs-background-image-alt-text=\"\">\n\t\t\t\t\t\t\t<div class=\"elementor-background-overlay\"><\/div>\n\t\t\t\t\t\t\t<div class=\"elementor-container elementor-column-gap-no\">\n\t\t\t\t\t<div class=\"elementor-column elementor-col-100 elementor-top-column elementor-element elementor-element-4bf78b4 dark-color\" data-id=\"4bf78b4\" data-element_type=\"column\" data-e-type=\"column\">\n\t\t\t<div class=\"elementor-widget-wrap elementor-element-populated\">\n\t\t\t\t\t\t<div class=\"elementor-element elementor-element-023f89d elementor-widget elementor-widget-cs_title\" data-id=\"023f89d\" data-element_type=\"widget\" data-e-type=\"widget\" data-widget_type=\"cs_title.default\">\n\t\t\t\t<div class=\"elementor-widget-container\">\n\t\t\t\t\t\n        <div class=\"cs-title-wrap text-center\">\t            <div class=\"cs-subtitle-wrap\"><span class=\"cs-subtitle color-white\">Le cadeau parfait<br><\/span><\/div>\t            <h1 class=\"cs-title\">\n\t                Cartes Cadeaux\t            <\/h1>\t            <div class=\"cs-title-text\">\n\t                <p>Un s\u00e9jour inoubliable, emball\u00e9 comme un cadeau.<br><\/p>\t            <\/div>        <\/div>\t\t\t\t<\/div>\n\t\t\t\t<\/div>\n\t\t\t\t\t<\/div>\n\t\t<\/div>\n\t\t\t\t\t<\/div>\n\t\t<\/section>\n\t\t\t\t<section class=\"elementor-section elementor-top-section elementor-element elementor-element-9c9ae0a elementor-section-content-middle elementor-section-boxed elementor-section-height-default elementor-section-height-default\" data-id=\"9c9ae0a\" data-element_type=\"section\" data-e-type=\"section\">\n\t\t\t\t\t\t<div class=\"elementor-container elementor-column-gap-no\">\n\t\t\t\t\t<div class=\"elementor-column elementor-col-100 elementor-top-column elementor-element elementor-element-1011061\" data-id=\"1011061\" data-element_type=\"column\" data-e-type=\"column\">\n\t\t\t<div class=\"elementor-widget-wrap elementor-element-populated\">\n\t\t\t\t\t\t<div class=\"elementor-element elementor-element-7245910 elementor-view-default elementor-widget elementor-widget-icon\" data-id=\"7245910\" data-element_type=\"widget\" data-e-type=\"widget\" data-widget_type=\"icon.default\">\n\t\t\t\t<div class=\"elementor-widget-container\">\n\t\t\t\t\t\t\t<div class=\"elementor-icon-wrapper\">\n\t\t\t<div class=\"elementor-icon\">\n\t\t\t<i aria-hidden=\"true\" class=\"fas fa-gift\"><\/i>\t\t\t<\/div>\n\t\t<\/div>\n\t\t\t\t\t\t<\/div>\n\t\t\t\t<\/div>\n\t\t\t\t<div class=\"elementor-element elementor-element-3911ab6 elementor-widget elementor-widget-cs_title\" data-id=\"3911ab6\" data-element_type=\"widget\" data-e-type=\"widget\" data-widget_type=\"cs_title.default\">\n\t\t\t\t<div class=\"elementor-widget-container\">\n\t\t\t\t\t\n        <div class=\"cs-title-wrap text-center\">\t            <div class=\"cs-subtitle-wrap\"><span class=\"cs-subtitle\">Le cadeau id\u00e9al pour tous ceux qui aiment la nature, la tranquillit\u00e9 et les exp\u00e9riences uniques.<br><\/span><\/div>\t            <h3 class=\"cs-title\">\n\t                Carte Cadeau Digitale<br>\t            <\/h3>\t            <div class=\"cs-title-text\">\n\t                <p>Offrez un s\u00e9jour au Domaine de Biamont : un refuge plein de charme o\u00f9 confort, authenticit\u00e9 et slow living se rencontrent. Que ce soit pour une nuit romantique dans nos barriques en bois, un week-end de d\u00e9tente ou un d\u00e9licieux repas chez Chez Louis, nos cartes cadeaux offrent toujours une exp\u00e9rience m\u00e9morable.<br> <\/p>\n<p>\u2728 Pourquoi choisir une carte cadeau du Domaine de Biamont ?<\/p>\n<ul>\n<li>Flexible &amp; personnalis\u00e9e \u2013 Le b\u00e9n\u00e9ficiaire choisit lui-m\u00eame la date.<br><\/li>\n<li>Un s\u00e9jour unique \u2013 Chambres cosy, cadre magnifique et d\u00e9tente totale.<br><\/li>\n<li>Parfaite pour toutes les occasions \u2013 Anniversaires, anniversaires de mariage, f\u00eates ou simplement pour faire plaisir.<\/li>\n<\/ul>\n<p>\ud83e\uddfe Comment \u00e7a marche ?<\/p>\n<p>Commencez par nous envoyer un e-mail avec le montant souhait\u00e9 et toute personnalisation, comme le nom du ou de la b\u00e9n\u00e9ficiaire.<br><\/p>\n<p>Nous vous transmettrons ensuite nos coordonn\u00e9es bancaires et, d\u00e8s r\u00e9ception du paiement, nous pr\u00e9parerons votre carte cadeau personnalis\u00e9e et vous l\u2019enverrons par e-mail au format PDF.<br><\/p>\n<p>La carte cadeau peut \u00eatre utilis\u00e9e pour une nuit\u00e9e, un petit-d\u00e9jeuner ou une exp\u00e9rience au Domaine de Biamont, selon les disponibilit\u00e9s.<\/p>\n<p>Le b\u00e9n\u00e9ficiaire peut facilement r\u00e9server en nous contactant et en mentionnant le code unique de la carte cadeau.<br><\/p>\n<p>La carte cadeau est valable 1 an \u00e0 partir de la date d\u2019\u00e9mission.<br> <\/p>\n<p>Veuillez noter que la carte cadeau doit \u00eatre utilis\u00e9e en une seule visite et ne peut pas \u00eatre r\u00e9partie sur plusieurs s\u00e9jours ou services.<br><\/p>\n<p> <\/p>\n<p>\u2139\ufe0f Informations utiles<\/p>\n<p>Carte cadeau digitale (PDF) \u2013 rapide et pratique.<\/p>\n<p>Valable pour toutes les nuit\u00e9es selon disponibilit\u00e9.<br><\/p>\n<p>Le restaurant Chez Louis est situ\u00e9 \u00e0 seulement 5 minutes du domaine.<br><\/p>\n<p>Les cartes cadeaux ne sont pas remboursables mais peuvent \u00eatre transf\u00e9r\u00e9es \u00e0 une autre personne.<\/p>\t            <\/div>        <\/div>\t\t\t\t<\/div>\n\t\t\t\t<\/div>\n\t\t\t\t<section class=\"elementor-section elementor-inner-section elementor-element elementor-element-bc1180c elementor-section-boxed elementor-section-height-default elementor-section-height-default\" data-id=\"bc1180c\" data-element_type=\"section\" data-e-type=\"section\">\n\t\t\t\t\t\t<div class=\"elementor-container elementor-column-gap-no\">\n\t\t\t\t\t<div class=\"elementor-column elementor-col-50 elementor-inner-column elementor-element elementor-element-352e082\" data-id=\"352e082\" data-element_type=\"column\" data-e-type=\"column\">\n\t\t\t<div class=\"elementor-widget-wrap elementor-element-populated\">\n\t\t\t\t\t\t<div class=\"elementor-element elementor-element-0eea650 elementor-view-stacked elementor-position-inline-start elementor-widget__width-auto elementor-shape-circle elementor-mobile-position-block-start elementor-widget elementor-widget-icon-box\" data-id=\"0eea650\" data-element_type=\"widget\" data-e-type=\"widget\" data-widget_type=\"icon-box.default\">\n\t\t\t\t<div class=\"elementor-widget-container\">\n\t\t\t\t\t\t\t<div class=\"elementor-icon-box-wrapper\">\n\n\t\t\t\t\t\t<div class=\"elementor-icon-box-icon\">\n\t\t\t\t<span  class=\"elementor-icon\">\n\t\t\t\t<i aria-hidden=\"true\" class=\"fas fa-phone-alt\"><\/i>\t\t\t\t<\/span>\n\t\t\t<\/div>\n\t\t\t\n\t\t\t\t\t\t<div class=\"elementor-icon-box-content\">\n\n\t\t\t\t\t\t\t\t\t<div class=\"elementor-icon-box-title\">\n\t\t\t\t\t\t<span  >\n\t\t\t\t\t\t\tPar t\u00e9l\u00e9phone\t\t\t\t\t\t<\/span>\n\t\t\t\t\t<\/div>\n\t\t\t\t\n\t\t\t\t\t\t\t\t\t<p class=\"elementor-icon-box-description\">\n\t\t\t\t\t\t+32 (0)10 88 04 24\t\t\t\t\t<\/p>\n\t\t\t\t\n\t\t\t<\/div>\n\t\t\t\n\t\t<\/div>\n\t\t\t\t\t\t<\/div>\n\t\t\t\t<\/div>\n\t\t\t\t\t<\/div>\n\t\t<\/div>\n\t\t\t\t<div class=\"elementor-column elementor-col-50 elementor-inner-column elementor-element elementor-element-e1e271b\" data-id=\"e1e271b\" data-element_type=\"column\" data-e-type=\"column\">\n\t\t\t<div class=\"elementor-widget-wrap elementor-element-populated\">\n\t\t\t\t\t\t<div class=\"elementor-element elementor-element-874444d elementor-view-stacked elementor-position-inline-start elementor-widget__width-auto elementor-shape-circle elementor-mobile-position-block-start elementor-widget elementor-widget-icon-box\" data-id=\"874444d\" data-element_type=\"widget\" data-e-type=\"widget\" data-widget_type=\"icon-box.default\">\n\t\t\t\t<div class=\"elementor-widget-container\">\n\t\t\t\t\t\t\t<div class=\"elementor-icon-box-wrapper\">\n\n\t\t\t\t\t\t<div class=\"elementor-icon-box-icon\">\n\t\t\t\t<span  class=\"elementor-icon\">\n\t\t\t\t<i aria-hidden=\"true\" class=\"far fa-envelope\"><\/i>\t\t\t\t<\/span>\n\t\t\t<\/div>\n\t\t\t\n\t\t\t\t\t\t<div class=\"elementor-icon-box-content\">\n\n\t\t\t\t\t\t\t\t\t<div class=\"elementor-icon-box-title\">\n\t\t\t\t\t\t<span  >\n\t\t\t\t\t\t\tPar e-mail\t\t\t\t\t\t<\/span>\n\t\t\t\t\t<\/div>\n\t\t\t\t\n\t\t\t\t\t\t\t\t\t<p class=\"elementor-icon-box-description\">\n\t\t\t\t\t\t<a href=\"mailto:reservations@domainedebiamont.be\">reservations@domainedebiamont.be<\/a>\t\t\t\t\t<\/p>\n\t\t\t\t\n\t\t\t<\/div>\n\t\t\t\n\t\t<\/div>\n\t\t\t\t\t\t<\/div>\n\t\t\t\t<\/div>\n\t\t\t\t\t<\/div>\n\t\t<\/div>\n\t\t\t\t\t<\/div>\n\t\t<\/section>\n\t\t\t\t\t<\/div>\n\t\t<\/div>\n\t\t\t\t\t<\/div>\n\t\t<\/section>\n\t\t\t\t<section class=\"elementor-section elementor-top-section elementor-element elementor-element-eb468e4 elementor-section-content-middle elementor-section-boxed elementor-section-height-default elementor-section-height-default\" data-id=\"eb468e4\" data-element_type=\"section\" data-e-type=\"section\">\n\t\t\t\t\t\t<div class=\"elementor-container elementor-column-gap-no\">\n\t\t\t\t\t<div class=\"elementor-column elementor-col-100 elementor-top-column elementor-element elementor-element-aae45fa\" data-id=\"aae45fa\" data-element_type=\"column\" data-e-type=\"column\">\n\t\t\t<div class=\"elementor-widget-wrap elementor-element-populated\">\n\t\t\t\t\t\t<div class=\"elementor-element elementor-element-38191d1 elementor-widget elementor-widget-image\" data-id=\"38191d1\" data-element_type=\"widget\" data-e-type=\"widget\" data-widget_type=\"image.default\">\n\t\t\t\t<div class=\"elementor-widget-container\">\n\t\t\t\t\t\t\t\t\t\t\t\t\t\t\t<img fetchpriority=\"high\" decoding=\"async\" width=\"1024\" height=\"726\" src=\"https:\/\/www.domainedebiamont.be\/wp-content\/uploads\/2025\/12\/Sample-gift-voucher-1024x726.jpg\" class=\"attachment-large size-large wp-image-4105\" alt=\"\" srcset=\"https:\/\/www.domainedebiamont.be\/wp-content\/uploads\/2025\/12\/Sample-gift-voucher-1024x726.jpg 1024w, https:\/\/www.domainedebiamont.be\/wp-content\/uploads\/2025\/12\/Sample-gift-voucher-300x213.jpg 300w, https:\/\/www.domainedebiamont.be\/wp-content\/uploads\/2025\/12\/Sample-gift-voucher-768x545.jpg 768w, https:\/\/www.domainedebiamont.be\/wp-content\/uploads\/2025\/12\/Sample-gift-voucher-1536x1090.jpg 1536w, https:\/\/www.domainedebiamont.be\/wp-content\/uploads\/2025\/12\/Sample-gift-voucher-1440x1022.jpg 1440w, https:\/\/www.domainedebiamont.be\/wp-content\/uploads\/2025\/12\/Sample-gift-voucher-1200x851.jpg 1200w, https:\/\/www.domainedebiamont.be\/wp-content\/uploads\/2025\/12\/Sample-gift-voucher-780x553.jpg 780w, https:\/\/www.domainedebiamont.be\/wp-content\/uploads\/2025\/12\/Sample-gift-voucher-600x426.jpg 600w, https:\/\/www.domainedebiamont.be\/wp-content\/uploads\/2025\/12\/Sample-gift-voucher-550x390.jpg 550w, https:\/\/www.domainedebiamont.be\/wp-content\/uploads\/2025\/12\/Sample-gift-voucher-370x262.jpg 370w, https:\/\/www.domainedebiamont.be\/wp-content\/uploads\/2025\/12\/Sample-gift-voucher-255x181.jpg 255w, https:\/\/www.domainedebiamont.be\/wp-content\/uploads\/2025\/12\/Sample-gift-voucher.jpg 1748w\" sizes=\"(max-width: 1024px) 100vw, 1024px\" \/>\t\t\t\t\t\t\t\t\t\t\t\t\t\t\t<\/div>\n\t\t\t\t<\/div>\n\t\t\t\t\t<\/div>\n\t\t<\/div>\n\t\t\t\t\t<\/div>\n\t\t<\/section>\n\t\t\t\t<\/div>\n\t\t","protected":false},"excerpt":{"rendered":"<p>Le cadeau parfait Cartes Cadeaux Un s\u00e9jour inoubliable, emball\u00e9 comme un cadeau. Le cadeau id\u00e9al pour tous ceux qui aiment la nature, la tranquillit\u00e9 et les exp\u00e9riences uniques. Carte Cadeau Digitale Offrez un s\u00e9jour au Domaine de Biamont : un refuge plein de charme o\u00f9 confort, authenticit\u00e9 et slow living se rencontrent. Que ce soit &#8230;<\/p>\n","protected":false},"author":2,"featured_media":0,"parent":0,"menu_order":0,"comment_status":"closed","ping_status":"closed","template":"template-wide-content.php","meta":{"_monsterinsights_skip_tracking":false,"_monsterinsights_sitenote_active":false,"_monsterinsights_sitenote_note":"","_monsterinsights_sitenote_category":0,"cozystay_single_page_hide_site_header":"","cozystay_single_page_site_header_source":"","cozystay_single_page_custom_site_header":"0","cozystay_single_page_custom_sticky_site_header":"0","cozystay_single_page_hide_page_title":"on","cozystay_single_page_header_section_size":"","cozystay_single_page_header_background_color":"","cozystay_single_page_header_background_position_x":"center","cozystay_single_page_header_background_position_y":"center","cozystay_single_page_header_background_size":"cover","cozystay_single_page_header_background_repeat":"off","cozystay_single_page_header_background_scroll":"on","cozystay_single_page_header_text_color":"","cozystay_single_page_header_show_breadcrumb":"","cozystay_single_page_site_footer_hide_main":"","cozystay_single_custom_site_footer_main_source":"","cozystay_single_custom_site_footer_main":"0","cozystay_single_page_site_footer_hide_above":"","cozystay_single_custom_site_footer_above_source":"","cozystay_single_custom_site_footer_above":"0","cozystay_single_page_site_footer_hide_instagram":"","cozystay_single_page_site_footer_hide_bottom":"","cozystay_single_custom_mobile_menu_source":"","cozystay_single_custom_mobile_menu":"0","cozystay_single_custom_mobile_menu_animation":"","cozystay_single_custom_mobile_menu_width":"","cozystay_single_custom_mobile_menu_custom_width":375,"footnotes":""},"class_list":["post-4117","page","type-page","status-publish","hentry"],"yoast_head":"<!-- This site is optimized with the Yoast SEO plugin v27.4 - https:\/\/yoast.com\/product\/yoast-seo-wordpress\/ -->\n<title>Cartes Cadeaux - Domaine de Biamont<\/title>\n<meta name=\"robots\" content=\"index, follow, max-snippet:-1, max-image-preview:large, max-video-preview:-1\" \/>\n<link rel=\"canonical\" href=\"https:\/\/www.domainedebiamont.be\/fr\/cartes-cadeaux\/\" \/>\n<meta property=\"og:locale\" content=\"fr_FR\" \/>\n<meta property=\"og:type\" content=\"article\" \/>\n<meta property=\"og:title\" content=\"Cartes Cadeaux - Domaine de Biamont\" \/>\n<meta property=\"og:description\" content=\"Le cadeau parfait Cartes Cadeaux Un s\u00e9jour inoubliable, emball\u00e9 comme un cadeau. Le cadeau id\u00e9al pour tous ceux qui aiment la nature, la tranquillit\u00e9 et les exp\u00e9riences uniques. Carte Cadeau Digitale Offrez un s\u00e9jour au Domaine de Biamont : un refuge plein de charme o\u00f9 confort, authenticit\u00e9 et slow living se rencontrent. Que ce soit ...\" \/>\n<meta property=\"og:url\" content=\"https:\/\/www.domainedebiamont.be\/fr\/cartes-cadeaux\/\" \/>\n<meta property=\"og:site_name\" content=\"Domaine de Biamont\" \/>\n<meta property=\"article:publisher\" content=\"https:\/\/www.facebook.com\/profile.php?id=61553428717634\" \/>\n<meta property=\"article:modified_time\" content=\"2025-12-06T21:55:22+00:00\" \/>\n<meta property=\"og:image\" content=\"https:\/\/www.domainedebiamont.be\/wp-content\/uploads\/2025\/12\/Sample-gift-voucher-1024x726.jpg\" \/>\n<meta name=\"twitter:card\" content=\"summary_large_image\" \/>\n<meta name=\"twitter:label1\" content=\"Dur\u00e9e de lecture estim\u00e9e\" \/>\n\t<meta name=\"twitter:data1\" content=\"2 minutes\" \/>\n<script type=\"application\/ld+json\" class=\"yoast-schema-graph\">{\"@context\":\"https:\\\/\\\/schema.org\",\"@graph\":[{\"@type\":\"WebPage\",\"@id\":\"https:\\\/\\\/www.domainedebiamont.be\\\/fr\\\/cartes-cadeaux\\\/\",\"url\":\"https:\\\/\\\/www.domainedebiamont.be\\\/fr\\\/cartes-cadeaux\\\/\",\"name\":\"Cartes Cadeaux - Domaine de Biamont\",\"isPartOf\":{\"@id\":\"https:\\\/\\\/www.domainedebiamont.be\\\/fr\\\/#website\"},\"primaryImageOfPage\":{\"@id\":\"https:\\\/\\\/www.domainedebiamont.be\\\/fr\\\/cartes-cadeaux\\\/#primaryimage\"},\"image\":{\"@id\":\"https:\\\/\\\/www.domainedebiamont.be\\\/fr\\\/cartes-cadeaux\\\/#primaryimage\"},\"thumbnailUrl\":\"https:\\\/\\\/www.domainedebiamont.be\\\/wp-content\\\/uploads\\\/2025\\\/12\\\/Sample-gift-voucher-1024x726.jpg\",\"datePublished\":\"2025-12-06T21:00:40+00:00\",\"dateModified\":\"2025-12-06T21:55:22+00:00\",\"breadcrumb\":{\"@id\":\"https:\\\/\\\/www.domainedebiamont.be\\\/fr\\\/cartes-cadeaux\\\/#breadcrumb\"},\"inLanguage\":\"fr-FR\",\"potentialAction\":[{\"@type\":\"ReadAction\",\"target\":[\"https:\\\/\\\/www.domainedebiamont.be\\\/fr\\\/cartes-cadeaux\\\/\"]}]},{\"@type\":\"ImageObject\",\"inLanguage\":\"fr-FR\",\"@id\":\"https:\\\/\\\/www.domainedebiamont.be\\\/fr\\\/cartes-cadeaux\\\/#primaryimage\",\"url\":\"https:\\\/\\\/www.domainedebiamont.be\\\/wp-content\\\/uploads\\\/2025\\\/12\\\/Sample-gift-voucher-1024x726.jpg\",\"contentUrl\":\"https:\\\/\\\/www.domainedebiamont.be\\\/wp-content\\\/uploads\\\/2025\\\/12\\\/Sample-gift-voucher-1024x726.jpg\"},{\"@type\":\"BreadcrumbList\",\"@id\":\"https:\\\/\\\/www.domainedebiamont.be\\\/fr\\\/cartes-cadeaux\\\/#breadcrumb\",\"itemListElement\":[{\"@type\":\"ListItem\",\"position\":1,\"name\":\"Accueil\",\"item\":\"https:\\\/\\\/www.domainedebiamont.be\\\/fr\\\/\"},{\"@type\":\"ListItem\",\"position\":2,\"name\":\"Cartes Cadeaux\"}]},{\"@type\":\"WebSite\",\"@id\":\"https:\\\/\\\/www.domainedebiamont.be\\\/fr\\\/#website\",\"url\":\"https:\\\/\\\/www.domainedebiamont.be\\\/fr\\\/\",\"name\":\"Domaine de Biamont\",\"description\":\"Logements insolites au c\u0153ur d&#039;une vigne.\",\"publisher\":{\"@id\":\"https:\\\/\\\/www.domainedebiamont.be\\\/fr\\\/#organization\"},\"potentialAction\":[{\"@type\":\"SearchAction\",\"target\":{\"@type\":\"EntryPoint\",\"urlTemplate\":\"https:\\\/\\\/www.domainedebiamont.be\\\/fr\\\/?s={search_term_string}\"},\"query-input\":{\"@type\":\"PropertyValueSpecification\",\"valueRequired\":true,\"valueName\":\"search_term_string\"}}],\"inLanguage\":\"fr-FR\"},{\"@type\":\"Organization\",\"@id\":\"https:\\\/\\\/www.domainedebiamont.be\\\/fr\\\/#organization\",\"name\":\"Domaine de Biamont\",\"url\":\"https:\\\/\\\/www.domainedebiamont.be\\\/fr\\\/\",\"logo\":{\"@type\":\"ImageObject\",\"inLanguage\":\"fr-FR\",\"@id\":\"https:\\\/\\\/www.domainedebiamont.be\\\/fr\\\/#\\\/schema\\\/logo\\\/image\\\/\",\"url\":\"https:\\\/\\\/www.domainedebiamont.be\\\/wp-content\\\/uploads\\\/2023\\\/03\\\/logo-3.png\",\"contentUrl\":\"https:\\\/\\\/www.domainedebiamont.be\\\/wp-content\\\/uploads\\\/2023\\\/03\\\/logo-3.png\",\"width\":457,\"height\":91,\"caption\":\"Domaine de Biamont\"},\"image\":{\"@id\":\"https:\\\/\\\/www.domainedebiamont.be\\\/fr\\\/#\\\/schema\\\/logo\\\/image\\\/\"},\"sameAs\":[\"https:\\\/\\\/www.facebook.com\\\/profile.php?id=61553428717634\"]}]}<\/script>\n<!-- \/ Yoast SEO plugin. -->","yoast_head_json":{"title":"Cartes Cadeaux - Domaine de Biamont","robots":{"index":"index","follow":"follow","max-snippet":"max-snippet:-1","max-image-preview":"max-image-preview:large","max-video-preview":"max-video-preview:-1"},"canonical":"https:\/\/www.domainedebiamont.be\/fr\/cartes-cadeaux\/","og_locale":"fr_FR","og_type":"article","og_title":"Cartes Cadeaux - Domaine de Biamont","og_description":"Le cadeau parfait Cartes Cadeaux Un s\u00e9jour inoubliable, emball\u00e9 comme un cadeau. Le cadeau id\u00e9al pour tous ceux qui aiment la nature, la tranquillit\u00e9 et les exp\u00e9riences uniques. Carte Cadeau Digitale Offrez un s\u00e9jour au Domaine de Biamont : un refuge plein de charme o\u00f9 confort, authenticit\u00e9 et slow living se rencontrent. Que ce soit ...","og_url":"https:\/\/www.domainedebiamont.be\/fr\/cartes-cadeaux\/","og_site_name":"Domaine de Biamont","article_publisher":"https:\/\/www.facebook.com\/profile.php?id=61553428717634","article_modified_time":"2025-12-06T21:55:22+00:00","og_image":[{"url":"https:\/\/www.domainedebiamont.be\/wp-content\/uploads\/2025\/12\/Sample-gift-voucher-1024x726.jpg","type":"","width":"","height":""}],"twitter_card":"summary_large_image","twitter_misc":{"Dur\u00e9e de lecture estim\u00e9e":"2 minutes"},"schema":{"@context":"https:\/\/schema.org","@graph":[{"@type":"WebPage","@id":"https:\/\/www.domainedebiamont.be\/fr\/cartes-cadeaux\/","url":"https:\/\/www.domainedebiamont.be\/fr\/cartes-cadeaux\/","name":"Cartes Cadeaux - Domaine de Biamont","isPartOf":{"@id":"https:\/\/www.domainedebiamont.be\/fr\/#website"},"primaryImageOfPage":{"@id":"https:\/\/www.domainedebiamont.be\/fr\/cartes-cadeaux\/#primaryimage"},"image":{"@id":"https:\/\/www.domainedebiamont.be\/fr\/cartes-cadeaux\/#primaryimage"},"thumbnailUrl":"https:\/\/www.domainedebiamont.be\/wp-content\/uploads\/2025\/12\/Sample-gift-voucher-1024x726.jpg","datePublished":"2025-12-06T21:00:40+00:00","dateModified":"2025-12-06T21:55:22+00:00","breadcrumb":{"@id":"https:\/\/www.domainedebiamont.be\/fr\/cartes-cadeaux\/#breadcrumb"},"inLanguage":"fr-FR","potentialAction":[{"@type":"ReadAction","target":["https:\/\/www.domainedebiamont.be\/fr\/cartes-cadeaux\/"]}]},{"@type":"ImageObject","inLanguage":"fr-FR","@id":"https:\/\/www.domainedebiamont.be\/fr\/cartes-cadeaux\/#primaryimage","url":"https:\/\/www.domainedebiamont.be\/wp-content\/uploads\/2025\/12\/Sample-gift-voucher-1024x726.jpg","contentUrl":"https:\/\/www.domainedebiamont.be\/wp-content\/uploads\/2025\/12\/Sample-gift-voucher-1024x726.jpg"},{"@type":"BreadcrumbList","@id":"https:\/\/www.domainedebiamont.be\/fr\/cartes-cadeaux\/#breadcrumb","itemListElement":[{"@type":"ListItem","position":1,"name":"Accueil","item":"https:\/\/www.domainedebiamont.be\/fr\/"},{"@type":"ListItem","position":2,"name":"Cartes Cadeaux"}]},{"@type":"WebSite","@id":"https:\/\/www.domainedebiamont.be\/fr\/#website","url":"https:\/\/www.domainedebiamont.be\/fr\/","name":"Domaine de Biamont","description":"Logements insolites au c\u0153ur d&#039;une vigne.","publisher":{"@id":"https:\/\/www.domainedebiamont.be\/fr\/#organization"},"potentialAction":[{"@type":"SearchAction","target":{"@type":"EntryPoint","urlTemplate":"https:\/\/www.domainedebiamont.be\/fr\/?s={search_term_string}"},"query-input":{"@type":"PropertyValueSpecification","valueRequired":true,"valueName":"search_term_string"}}],"inLanguage":"fr-FR"},{"@type":"Organization","@id":"https:\/\/www.domainedebiamont.be\/fr\/#organization","name":"Domaine de Biamont","url":"https:\/\/www.domainedebiamont.be\/fr\/","logo":{"@type":"ImageObject","inLanguage":"fr-FR","@id":"https:\/\/www.domainedebiamont.be\/fr\/#\/schema\/logo\/image\/","url":"https:\/\/www.domainedebiamont.be\/wp-content\/uploads\/2023\/03\/logo-3.png","contentUrl":"https:\/\/www.domainedebiamont.be\/wp-content\/uploads\/2023\/03\/logo-3.png","width":457,"height":91,"caption":"Domaine de Biamont"},"image":{"@id":"https:\/\/www.domainedebiamont.be\/fr\/#\/schema\/logo\/image\/"},"sameAs":["https:\/\/www.facebook.com\/profile.php?id=61553428717634"]}]}},"_links":{"self":[{"href":"https:\/\/www.domainedebiamont.be\/fr\/wp-json\/wp\/v2\/pages\/4117","targetHints":{"allow":["GET"]}}],"collection":[{"href":"https:\/\/www.domainedebiamont.be\/fr\/wp-json\/wp\/v2\/pages"}],"about":[{"href":"https:\/\/www.domainedebiamont.be\/fr\/wp-json\/wp\/v2\/types\/page"}],"author":[{"embeddable":true,"href":"https:\/\/www.domainedebiamont.be\/fr\/wp-json\/wp\/v2\/users\/2"}],"replies":[{"embeddable":true,"href":"https:\/\/www.domainedebiamont.be\/fr\/wp-json\/wp\/v2\/comments?post=4117"}],"version-history":[{"count":2,"href":"https:\/\/www.domainedebiamont.be\/fr\/wp-json\/wp\/v2\/pages\/4117\/revisions"}],"predecessor-version":[{"id":4122,"href":"https:\/\/www.domainedebiamont.be\/fr\/wp-json\/wp\/v2\/pages\/4117\/revisions\/4122"}],"wp:attachment":[{"href":"https:\/\/www.domainedebiamont.be\/fr\/wp-json\/wp\/v2\/media?parent=4117"}],"curies":[{"name":"wp","href":"https:\/\/api.w.org\/{rel}","templated":true}]}}